{"id":1512,"date":"2023-11-18T11:29:50","date_gmt":"2023-11-18T14:29:50","guid":{"rendered":"https:\/\/atmospherecapital.com.br\/documentos\/"},"modified":"2023-12-22T13:48:47","modified_gmt":"2023-12-22T16:48:47","slug":"documentos","status":"publish","type":"page","link":"https:\/\/atmospherecapital.com.br\/en\/documentos\/","title":{"rendered":"Documents"},"content":{"rendered":"<p><a href=\"https:\/\/atmospherecapital.com.br\/wp-content\/uploads\/2023\/11\/1.ATMOSPHERE_CODIGO-DE-ETICA-E-POLITICAS-INTERNAS.pdf\" target=\"_blank\" rel=\"noopener noreferrer\">C\u00f3digo de \u00c9tica e Pol\u00edtica Internas<\/a><\/p>\n<p><a href=\"https:\/\/atmospherecapital.com.br\/wp-content\/uploads\/2023\/11\/2-ATMOSPHERE-CAPITAL-FORMULARIO-DE-REFERENCIA_2023.pdf\" target=\"_blank\" rel=\"noopener noreferrer\">Formul\u00e1rio de Refer\u00eancia \u2013 Gest\u00e3o de Recursos<\/a><\/p>\n<p><a href=\"https:\/\/atmospherecapital.com.br\/wp-content\/uploads\/2023\/11\/3.ATMOSPHERE_PLANO-DE-CONTINGENCIA-E-CONTINUIDADE-DOS-NEGOCIOS.pdf\" target=\"_blank\" rel=\"noopener noreferrer\">Plano de Conting\u00eancia e Continuidade de Neg\u00f3cios<\/a><\/p>\n<p><a href=\"https:\/\/atmospherecapital.com.br\/wp-content\/uploads\/2023\/11\/4.ATMOSPHERE_POLITICA-DE-EXERCICIO-DE-VOTO.pdf\" target=\"_blank\" rel=\"noopener noreferrer\">Pol\u00edtica de Exerc\u00edcio do Direito de Voto<\/a><\/p>\n<p><a href=\"https:\/\/atmospherecapital.com.br\/wp-content\/uploads\/2023\/12\/ATMOSPHERE_POLITICA-DE-GESTAO-DE-RISCOS_202312.pdf.pdf\" target=\"_blank\" rel=\"noopener noreferrer\">Pol\u00edtica de Gest\u00e3o de Riscos<\/a><\/p>\n<p><a href=\"https:\/\/atmospherecapital.com.br\/wp-content\/uploads\/2023\/11\/6.ATMOSPHERE_POLITICA-DE-RATEIO-E-DIVISAO-DE-ORDENS.pdf\" target=\"_blank\" rel=\"noopener noreferrer\">Pol\u00edtica de Rateio e Divis\u00e3o de Ordens<\/a><\/p>\n<p><a href=\"https:\/\/atmospherecapital.com.br\/wp-content\/uploads\/2023\/11\/7.ATMOSPHERE_POLITICA-DE-PREVENCAO-A-LAVAGEM-DE-DINHEIRO.pdf\" target=\"_blank\" rel=\"noopener noreferrer\">Pol\u00edtica de Preven\u00e7\u00e3o e Combate aos Crimes de Lavagem Dinheiro e Financiamento ao Terrorismo<\/a><\/p>\n<p><a href=\"https:\/\/atmospherecapital.com.br\/wp-content\/uploads\/2023\/11\/8.ATMOSPHERE_POLITICA_DE_INVESTIMENTOS_PESSOAIS.pdf\" target=\"_blank\" rel=\"noopener noreferrer\">Pol\u00edtica de Investimentos Pessoais<\/a><\/p>\n<p><a href=\"https:\/\/atmospherecapital.com.br\/wp-content\/uploads\/2023\/11\/9.ATMOSPHERE_POLITICA-DE-AQUISICAO-DE-CREDITO-PRIVADO-1.pdf\" target=\"_blank\" rel=\"noopener noreferrer\">Pol\u00edtica de Cr\u00e9dito Privado<\/a><\/p>\n<p><a href=\"https:\/\/atmospherecapital.com.br\/wp-content\/uploads\/2023\/11\/10.ATMOSPHERE_POLITICA-DE-CONTRATACAO-DE-TERCEIROS-1.pdf\" target=\"_blank\" rel=\"noopener noreferrer\">Pol\u00edtica de Contrata\u00e7\u00e3o de Terceiros<\/a><\/p>\n<p><a href=\"https:\/\/atmospherecapital.com.br\/wp-content\/uploads\/2023\/11\/11.ATMOSPHERE_POLITICA-DE-COMPLIANCE.pdf\" target=\"_blank\" rel=\"noopener noreferrer\">Pol\u00edtica de Compliance (Regras, Procedimentos e Controles Internos)<\/a><\/p>\n<p><a href=\"https:\/\/atmospherecapital.com.br\/wp-content\/uploads\/2023\/11\/12.ATMOSPHERE_POLITICA-DE-CERTIFICACAO-DOS-COLABORADORES.pdf\" target=\"_blank\" rel=\"noopener noreferrer\">Pol\u00edtica de Certifica\u00e7\u00e3o dos Colaboradores<\/a><\/p>\n","protected":false},"excerpt":{"rendered":"<p>C\u00f3digo de \u00c9tica e Pol\u00edtica Internas Formul\u00e1rio de Refer\u00eancia \u2013 Gest\u00e3o de Recursos Plano de Conting\u00eancia e Continuidade de Neg\u00f3cios Pol\u00edtica de Exerc\u00edcio do Direito de Voto Pol\u00edtica de Gest\u00e3o de Riscos Pol\u00edtica de Rateio e Divis\u00e3o de Ordens Pol\u00edtica de Preven\u00e7\u00e3o e Combate aos Crimes de Lavagem Dinheiro e Financiamento ao Terrorismo Pol\u00edtica de [&hellip;]<\/p>\n","protected":false},"author":1,"featured_media":0,"parent":0,"menu_order":0,"comment_status":"closed","ping_status":"closed","template":"pagina-documentos.php","meta":{"footnotes":""},"acf":[],"yoast_head":"<!-- This site is optimized with the Yoast SEO Premium plugin v21.6 (Yoast SEO v21.6) - https:\/\/yoast.com\/wordpress\/plugins\/seo\/ -->\n<title>Documents - Atmosphere Capital<\/title>\n<meta name=\"robots\" content=\"index, follow, max-snippet:-1, max-image-preview:large, max-video-preview:-1\" \/>\n<link rel=\"canonical\" href=\"https:\/\/atmospherecapital.com.br\/documentos\/\" \/>\n<meta property=\"og:locale\" content=\"en_US\" \/>\n<meta property=\"og:type\" content=\"article\" \/>\n<meta property=\"og:title\" content=\"Documents\" \/>\n<meta property=\"og:description\" content=\"C\u00f3digo de \u00c9tica e Pol\u00edtica Internas Formul\u00e1rio de Refer\u00eancia \u2013 Gest\u00e3o de Recursos Plano de Conting\u00eancia e Continuidade de Neg\u00f3cios Pol\u00edtica de Exerc\u00edcio do Direito de Voto Pol\u00edtica de Gest\u00e3o de Riscos Pol\u00edtica de Rateio e Divis\u00e3o de Ordens Pol\u00edtica de Preven\u00e7\u00e3o e Combate aos Crimes de Lavagem Dinheiro e Financiamento ao Terrorismo Pol\u00edtica de [&hellip;]\" \/>\n<meta property=\"og:url\" content=\"https:\/\/atmospherecapital.com.br\/documentos\/\" \/>\n<meta property=\"og:site_name\" content=\"Atmosphere Capital\" \/>\n<meta property=\"article:modified_time\" content=\"2023-12-22T16:48:47+00:00\" \/>\n<meta property=\"og:image\" content=\"https:\/\/atmospherecapital.com.br\/wp-content\/uploads\/2023\/11\/atmosphere-capital-cover.jpg\" \/>\n\t<meta property=\"og:image:width\" content=\"1920\" \/>\n\t<meta property=\"og:image:height\" content=\"1008\" \/>\n\t<meta property=\"og:image:type\" content=\"image\/jpeg\" \/>\n<meta name=\"twitter:card\" content=\"summary_large_image\" \/>\n<meta name=\"twitter:label1\" content=\"Est. reading time\" \/>\n\t<meta name=\"twitter:data1\" content=\"1 minute\" \/>\n<script type=\"application\/ld+json\" class=\"yoast-schema-graph\">{\"@context\":\"https:\/\/schema.org\",\"@graph\":[{\"@type\":\"WebPage\",\"@id\":\"https:\/\/atmospherecapital.com.br\/documentos\/\",\"url\":\"https:\/\/atmospherecapital.com.br\/documentos\/\",\"name\":\"Documents - Atmosphere Capital\",\"isPartOf\":{\"@id\":\"https:\/\/atmospherecapital.com.br\/#website\"},\"datePublished\":\"2023-11-18T14:29:50+00:00\",\"dateModified\":\"2023-12-22T16:48:47+00:00\",\"breadcrumb\":{\"@id\":\"https:\/\/atmospherecapital.com.br\/documentos\/#breadcrumb\"},\"inLanguage\":\"en-US\",\"potentialAction\":[{\"@type\":\"ReadAction\",\"target\":[\"https:\/\/atmospherecapital.com.br\/documentos\/\"]}]},{\"@type\":\"BreadcrumbList\",\"@id\":\"https:\/\/atmospherecapital.com.br\/documentos\/#breadcrumb\",\"itemListElement\":[{\"@type\":\"ListItem\",\"position\":1,\"name\":\"In\u00edcio\",\"item\":\"https:\/\/atmospherecapital.com.br\/atmosphere-capital\/\"},{\"@type\":\"ListItem\",\"position\":2,\"name\":\"Documents\"}]},{\"@type\":\"WebSite\",\"@id\":\"https:\/\/atmospherecapital.com.br\/#website\",\"url\":\"https:\/\/atmospherecapital.com.br\/\",\"name\":\"Atmosphere Capital\",\"description\":\"A Atmosphere Capital &eacute; uma gestora de recursos independente fundada em 2017 por profissionais que fizeram suas carreiras em renomadas institui&ccedil;&otilde;es locais e internacionais.\",\"publisher\":{\"@id\":\"https:\/\/atmospherecapital.com.br\/#organization\"},\"alternateName\":\"Atmosphere Capital - Fundos de Investimento\",\"potentialAction\":[{\"@type\":\"SearchAction\",\"target\":{\"@type\":\"EntryPoint\",\"urlTemplate\":\"https:\/\/atmospherecapital.com.br\/?s={search_term_string}\"},\"query-input\":\"required name=search_term_string\"}],\"inLanguage\":\"en-US\"},{\"@type\":\"Organization\",\"@id\":\"https:\/\/atmospherecapital.com.br\/#organization\",\"name\":\"Atmosphere Capital - Gestora de Recursos Independente\",\"url\":\"https:\/\/atmospherecapital.com.br\/\",\"logo\":{\"@type\":\"ImageObject\",\"inLanguage\":\"en-US\",\"@id\":\"https:\/\/atmospherecapital.com.br\/#\/schema\/logo\/image\/\",\"url\":\"https:\/\/atmospherecapital.com.br\/wp-content\/uploads\/2023\/11\/logo-atmosphere-capital-min.png\",\"contentUrl\":\"https:\/\/atmospherecapital.com.br\/wp-content\/uploads\/2023\/11\/logo-atmosphere-capital-min.png\",\"width\":400,\"height\":179,\"caption\":\"Atmosphere Capital - Gestora de Recursos Independente\"},\"image\":{\"@id\":\"https:\/\/atmospherecapital.com.br\/#\/schema\/logo\/image\/\"},\"sameAs\":[\"https:\/\/www.instagram.com\/atmosphere_capital\/\",\"https:\/\/br.linkedin.com\/company\/atmosphere-capital\"]}]}<\/script>\n<!-- \/ Yoast SEO Premium plugin. -->","yoast_head_json":{"title":"Documents - Atmosphere Capital","robots":{"index":"index","follow":"follow","max-snippet":"max-snippet:-1","max-image-preview":"max-image-preview:large","max-video-preview":"max-video-preview:-1"},"canonical":"https:\/\/atmospherecapital.com.br\/documentos\/","og_locale":"en_US","og_type":"article","og_title":"Documents","og_description":"C\u00f3digo de \u00c9tica e Pol\u00edtica Internas Formul\u00e1rio de Refer\u00eancia \u2013 Gest\u00e3o de Recursos Plano de Conting\u00eancia e Continuidade de Neg\u00f3cios Pol\u00edtica de Exerc\u00edcio do Direito de Voto Pol\u00edtica de Gest\u00e3o de Riscos Pol\u00edtica de Rateio e Divis\u00e3o de Ordens Pol\u00edtica de Preven\u00e7\u00e3o e Combate aos Crimes de Lavagem Dinheiro e Financiamento ao Terrorismo Pol\u00edtica de [&hellip;]","og_url":"https:\/\/atmospherecapital.com.br\/documentos\/","og_site_name":"Atmosphere Capital","article_modified_time":"2023-12-22T16:48:47+00:00","og_image":[{"width":1920,"height":1008,"url":"https:\/\/atmospherecapital.com.br\/wp-content\/uploads\/2023\/11\/atmosphere-capital-cover.jpg","type":"image\/jpeg"}],"twitter_card":"summary_large_image","twitter_misc":{"Est. reading time":"1 minute"},"schema":{"@context":"https:\/\/schema.org","@graph":[{"@type":"WebPage","@id":"https:\/\/atmospherecapital.com.br\/documentos\/","url":"https:\/\/atmospherecapital.com.br\/documentos\/","name":"Documents - Atmosphere Capital","isPartOf":{"@id":"https:\/\/atmospherecapital.com.br\/#website"},"datePublished":"2023-11-18T14:29:50+00:00","dateModified":"2023-12-22T16:48:47+00:00","breadcrumb":{"@id":"https:\/\/atmospherecapital.com.br\/documentos\/#breadcrumb"},"inLanguage":"en-US","potentialAction":[{"@type":"ReadAction","target":["https:\/\/atmospherecapital.com.br\/documentos\/"]}]},{"@type":"BreadcrumbList","@id":"https:\/\/atmospherecapital.com.br\/documentos\/#breadcrumb","itemListElement":[{"@type":"ListItem","position":1,"name":"In\u00edcio","item":"https:\/\/atmospherecapital.com.br\/atmosphere-capital\/"},{"@type":"ListItem","position":2,"name":"Documents"}]},{"@type":"WebSite","@id":"https:\/\/atmospherecapital.com.br\/#website","url":"https:\/\/atmospherecapital.com.br\/","name":"Atmosphere Capital","description":"A Atmosphere Capital &eacute; uma gestora de recursos independente fundada em 2017 por profissionais que fizeram suas carreiras em renomadas institui&ccedil;&otilde;es locais e internacionais.","publisher":{"@id":"https:\/\/atmospherecapital.com.br\/#organization"},"alternateName":"Atmosphere Capital - Fundos de Investimento","potentialAction":[{"@type":"SearchAction","target":{"@type":"EntryPoint","urlTemplate":"https:\/\/atmospherecapital.com.br\/?s={search_term_string}"},"query-input":"required name=search_term_string"}],"inLanguage":"en-US"},{"@type":"Organization","@id":"https:\/\/atmospherecapital.com.br\/#organization","name":"Atmosphere Capital - Gestora de Recursos Independente","url":"https:\/\/atmospherecapital.com.br\/","logo":{"@type":"ImageObject","inLanguage":"en-US","@id":"https:\/\/atmospherecapital.com.br\/#\/schema\/logo\/image\/","url":"https:\/\/atmospherecapital.com.br\/wp-content\/uploads\/2023\/11\/logo-atmosphere-capital-min.png","contentUrl":"https:\/\/atmospherecapital.com.br\/wp-content\/uploads\/2023\/11\/logo-atmosphere-capital-min.png","width":400,"height":179,"caption":"Atmosphere Capital - Gestora de Recursos Independente"},"image":{"@id":"https:\/\/atmospherecapital.com.br\/#\/schema\/logo\/image\/"},"sameAs":["https:\/\/www.instagram.com\/atmosphere_capital\/","https:\/\/br.linkedin.com\/company\/atmosphere-capital"]}]}},"_links":{"self":[{"href":"https:\/\/atmospherecapital.com.br\/en\/wp-json\/wp\/v2\/pages\/1512"}],"collection":[{"href":"https:\/\/atmospherecapital.com.br\/en\/wp-json\/wp\/v2\/pages"}],"about":[{"href":"https:\/\/atmospherecapital.com.br\/en\/wp-json\/wp\/v2\/types\/page"}],"author":[{"embeddable":true,"href":"https:\/\/atmospherecapital.com.br\/en\/wp-json\/wp\/v2\/users\/1"}],"replies":[{"embeddable":true,"href":"https:\/\/atmospherecapital.com.br\/en\/wp-json\/wp\/v2\/comments?post=1512"}],"version-history":[{"count":1,"href":"https:\/\/atmospherecapital.com.br\/en\/wp-json\/wp\/v2\/pages\/1512\/revisions"}],"predecessor-version":[{"id":1514,"href":"https:\/\/atmospherecapital.com.br\/en\/wp-json\/wp\/v2\/pages\/1512\/revisions\/1514"}],"wp:attachment":[{"href":"https:\/\/atmospherecapital.com.br\/en\/wp-json\/wp\/v2\/media?parent=1512"}],"curies":[{"name":"wp","href":"https:\/\/api.w.org\/{rel}","templated":true}]}}